{"id":3818,"date":"2021-06-06T08:28:14","date_gmt":"2021-06-06T07:28:14","guid":{"rendered":"http:\/\/www.univ-tebessa.dz\/bibliotheque\/?page_id=3818"},"modified":"2021-06-06T09:07:44","modified_gmt":"2021-06-06T08:07:44","slug":"%d9%85%d8%b0%d9%83%d8%b1%d8%a7%d8%aa-%d9%84%d9%84%d8%aa%d8%ad%d9%85%d9%8a%d9%84-st","status":"publish","type":"page","link":"https:\/\/www.univ-tebessa.dz\/bibliotheque\/%d9%85%d8%b0%d9%83%d8%b1%d8%a7%d8%aa-%d9%84%d9%84%d8%aa%d8%ad%d9%85%d9%8a%d9%84-st\/","title":{"rendered":"DSPCE-ST"},"content":{"rendered":"\t\t<div data-elementor-type=\"wp-page\" data-elementor-id=\"3818\" class=\"elementor elementor-3818\">\n\t\t\t\t\t\t<section class=\"elementor-section elementor-top-section elementor-element elementor-element-551f9b1 elementor-section-boxed elementor-section-height-default elementor-section-height-default wpr-particle-no wpr-jarallax-no wpr-parallax-no wpr-sticky-section-no wpr-column-slider-no wpr-equal-height-no\" data-id=\"551f9b1\" data-element_type=\"section\" data-e-type=\"section\">\n\t\t\t\t\t\t<div class=\"elementor-container elementor-column-gap-default\">\n\t\t\t\t\t<div class=\"elementor-column elementor-col-100 elementor-top-column elementor-element elementor-element-3a94410\" data-id=\"3a94410\" data-element_type=\"column\" data-e-type=\"column\">\n\t\t\t<div class=\"elementor-widget-wrap elementor-element-populated\">\n\t\t\t\t\t\t<div class=\"elementor-element elementor-element-7918de2 elementor-widget elementor-widget-text-editor\" data-id=\"7918de2\" data-element_type=\"widget\" data-e-type=\"widget\" data-widget_type=\"text-editor.default\">\n\t\t\t\t<div class=\"elementor-widget-container\">\n\t\t\t\t\t\t\t\t\t<table dir=\"rtl\" width=\"770\" cellspacing=\"1\" cellpadding=\"0\"><tbody><tr><td style=\"border-top: 1.50pt double #000000;border-bottom: 1.50pt double #000000;border-left: 1.50pt double #000000;border-right: 1.50pt double;padding: 0cm\" width=\"47\"><p align=\"center\"><span style=\"font-family: Times New Roman, serif\"><span style=\"font-size: small\"><span lang=\"ar-DZ\"><b>\u0627\u0644\u0631\u0642\u0645<\/b><\/span><\/span><\/span><\/p><\/td><td style=\"border-top: 1.50pt double #000000;border-bottom: 1.50pt double #000000;border-left: 1.50pt double #000000;border-right: 1.50pt double;padding: 0cm\" width=\"274\"><p align=\"center\"><span style=\"font-family: Times New Roman, serif\"><span style=\"font-size: small\"><span lang=\"ar-SA\"><b>\u0627\u0644\u0639\u0646\u0648\u0627\u0646<\/b><\/span><\/span><\/span><\/p><\/td><td style=\"border-top: 1.50pt double #000000;border-bottom: 1.50pt double #000000;border-left: 1.50pt double #000000;border-right: 1.50pt double;padding: 0cm\" width=\"151\"><p align=\"center\"><span style=\"font-family: Times New Roman, serif\"><span style=\"font-size: small\"><span lang=\"ar-SA\"><b>\u0627\u0644\u0645\u0624\u0644\u0641<\/b><\/span><\/span><\/span><\/p><\/td><td style=\"border: 1.50pt double #000000;padding: 0cm\" width=\"297\"><p align=\"center\"><span style=\"font-family: Times New Roman, serif\"><span style=\"font-size: small\"><span lang=\"ar-SA\"><b>\u0627\u0644\u0631\u0627\u0628\u0637<\/b><\/span><\/span><\/span><\/p><\/td><\/tr><tr><td style=\"border-top: none;border-bottom: 1.50pt double #000000;border-left: 1.50pt double #000000;border-right: 1.50pt double #000000;padding: 0cm\" colspan=\"4\" width=\"770\"><p dir=\"ltr\" lang=\"en-US\" align=\"center\"><span style=\"font-family: Times New Roman, serif\"><span style=\"font-size: small\"><b>Support<br \/>De Cours<\/b><\/span><\/span><\/p><\/td><\/tr><tr><td style=\"border-top: none;border-bottom: 1.50pt double #000000;border-left: 1.50pt double #000000;border-right: 1.50pt double;padding: 0cm\" width=\"47\"><p lang=\"ar-SA\" align=\"center\"><span style=\"font-family: Times New Roman, serif\"><span style=\"font-size: small\"><b>01<\/b><\/span><\/span><\/p><\/td><td style=\"border-top: none;border-bottom: 1.50pt double #000000;border-left: 1.50pt double #000000;border-right: 1.50pt double;padding: 0cm\" width=\"274\"><p dir=\"ltr\" align=\"center\"><a href=\"http:\/\/dspace.univ-tebessa.dz:8080\/jspui\/handle\/123456789\/172\"><span style=\"text-decoration: none\"><span style=\"font-family: Times New Roman, serif\"><span style=\"font-size: small\"><span lang=\"en-US\"><b><span style=\"background: #ffffff\">\u00c9lasticit\u00e9<\/span><\/b><\/span><\/span><\/span><\/span><\/a><\/p><\/td><td style=\"border-top: none;border-bottom: 1.50pt double #000000;border-left: 1.50pt double #000000;border-right: 1.50pt double;padding: 0cm\" width=\"151\"><p dir=\"ltr\" align=\"center\"><a href=\"http:\/\/dspace.univ-tebessa.dz:8080\/jspui\/browse?type=author&amp;value=Abderrahmani%2C+Sifeddine\"><span style=\"text-decoration: none\"><span style=\"font-family: Times New Roman, serif\"><span style=\"font-size: small\"><span lang=\"en-US\"><i><b><span style=\"background: #ffffff\">Abderrahmani<\/span><\/b><\/i><\/span><\/span><\/span><\/span><span style=\"text-decoration: none\"><span lang=\"en-US\"><span style=\"background: #ffffff\"><br \/><\/span><\/span><\/span><span style=\"text-decoration: none\"><span style=\"font-family: Times New Roman, serif\"><span style=\"font-size: small\"><span lang=\"en-US\"><i><b><span style=\"background: #ffffff\">Sifeddine<\/span><\/b><\/i><\/span><\/span><\/span><\/span><\/a><\/p><\/td><td style=\"border-top: none;border-bottom: 1.50pt double #000000;border-left: 1.50pt double #000000;border-right: 1.50pt double #000000;padding: 0cm\" width=\"297\"><p dir=\"ltr\" lang=\"en-US\" align=\"center\"><span style=\"font-family: Tahoma\"><span lang=\"ar-DZ\"><a href=\"http:\/\/dspace.univ-tebessa.dz:8080\/jspui\/bitstream\/123456789\/172\/1\/Polycopi%C3%A9%20de%20%20%C3%89lasticit%C3%A9%20%282%29.pdf\">\u0627\u0644\u0631\u0627\u0628\u0637<\/a><\/span><\/span><\/p><\/td><\/tr><tr><td style=\"border-top: none;border-bottom: 1.50pt double #000000;border-left: 1.50pt double #000000;border-right: 1.50pt double #000000;padding: 0cm\" width=\"47\"><p lang=\"ar-SA\" align=\"center\"><span style=\"font-family: Times New Roman, serif\"><span style=\"font-size: small\"><b>02<\/b><\/span><\/span><\/p><\/td><td style=\"border-top: none;border-bottom: 1.50pt double #000000;border-left: 1.50pt double #000000;border-right: 1.50pt double #000000;padding: 0cm\" width=\"274\"><p dir=\"ltr\" lang=\"en-US\" align=\"center\"><span style=\"font-family: Times New Roman, serif\"><span style=\"font-size: small\"><b><span style=\"background: #ffffff\">Placticite<br \/>Et Endommagement<\/span><\/b><\/span><\/span><\/p><\/td><td style=\"border-top: none;border-bottom: 1.50pt double #000000;border-left: 1.50pt double #000000;border-right: 1.50pt double #000000;padding: 0cm\" width=\"151\"><p dir=\"ltr\" align=\"center\"><a href=\"http:\/\/dspace.univ-tebessa.dz:8080\/jspui\/browse?type=author&amp;value=boutagouga%2C+djamel\"><span style=\"text-decoration: none\"><span style=\"font-family: Times New Roman, serif\"><span style=\"font-size: small\"><span lang=\"en-US\"><b><br \/>Boutagouga<\/b><\/span><\/span><\/span><\/span><span style=\"text-decoration: none\"><span lang=\"en-US\"><br \/><\/span><\/span><span style=\"text-decoration: none\"><span style=\"font-family: Times New Roman, serif\"><span style=\"font-size: small\"><span lang=\"en-US\"><b>Djamel<\/b><\/span><\/span><\/span><\/span><\/a><\/p><\/td><td style=\"border-top: none;border-bottom: 1.50pt double #000000;border-left: 1.50pt double #000000;border-right: 1.50pt double #000000;padding: 0cm\" width=\"297\"><p dir=\"ltr\" lang=\"en-US\" align=\"center\"><span style=\"font-family: Tahoma\"><span lang=\"ar-DZ\"><a href=\"http:\/\/dspace.univ-tebessa.dz:8080\/jspui\/bitstream\/123456789\/171\/1\/Plasticit%C3%A9%20%282%29.pdf\">\u0627\u0644\u0631\u0627\u0628\u0637<\/a><\/span><\/span><\/p><\/td><\/tr><tr><td style=\"border-top: none;border-bottom: 1.50pt double #000000;border-left: 1.50pt double #000000;border-right: 1.50pt double #000000;padding: 0cm\" width=\"47\"><p lang=\"ar-SA\" align=\"center\"><span style=\"font-family: Times New Roman, serif\"><span style=\"font-size: small\"><b>03<\/b><\/span><\/span><\/p><\/td><td style=\"border-top: none;border-bottom: 1.50pt double #000000;border-left: 1.50pt double #000000;border-right: 1.50pt double #000000;padding: 0cm\" width=\"274\"><p dir=\"ltr\" lang=\"en-US\" align=\"center\"><span style=\"font-family: Times New Roman, serif\"><span style=\"font-size: small\"><b><span style=\"background: #ffffff\">Mat\u00e9riaux<br \/>Composites<\/span><\/b><\/span><\/span><\/p><\/td><td style=\"border-top: none;border-bottom: 1.50pt double #000000;border-left: 1.50pt double #000000;border-right: 1.50pt double #000000;padding: 0cm\" width=\"151\"><p dir=\"ltr\" align=\"center\"><a href=\"http:\/\/dspace.univ-tebessa.dz:8080\/jspui\/browse?type=author&amp;value=DEGHBOUDJ%2C+samir\"><span style=\"text-decoration: none\"><span style=\"font-family: Times New Roman, serif\"><span style=\"font-size: small\"><span lang=\"en-US\"><b>Deghboudj<br \/>Samir<\/b><\/span><\/span><\/span><\/span><\/a><\/p><\/td><td style=\"border-top: none;border-bottom: 1.50pt double #000000;border-left: 1.50pt double #000000;border-right: 1.50pt double #000000;padding: 0cm\" width=\"297\"><p dir=\"ltr\" align=\"center\"><span style=\"font-family: Tahoma\"><span lang=\"ar-TN\"><a href=\"http:\/\/dspace.univ-tebessa.dz:8080\/jspui\/bitstream\/123456789\/170\/1\/Polycopi%C3%A9_Deghboudj.pdf\">\u0627\u0644\u0631\u0627\u0628\u0637<\/a><\/span><\/span><\/p><\/td><\/tr><tr><td style=\"border-top: none;border-bottom: 1.50pt double #000000;border-left: 1.50pt double #000000;border-right: 1.50pt double #000000;padding: 0cm\" width=\"47\"><p lang=\"ar-SA\" align=\"center\"><span style=\"font-family: Times New Roman, serif\"><span style=\"font-size: small\"><b>04<\/b><\/span><\/span><\/p><\/td><td style=\"border-top: none;border-bottom: 1.50pt double #000000;border-left: 1.50pt double #000000;border-right: 1.50pt double #000000;padding: 0cm\" width=\"274\"><p dir=\"ltr\" align=\"center\"><span style=\"font-family: Times New Roman, serif\"><span style=\"font-size: small\"><span lang=\"en-US\"><b><span style=\"background: #ffffff\"><br \/>Les<br \/>Composants<\/span><\/b><\/span><\/span><\/span><span style=\"background: #ffffff\"><br \/><\/span><span style=\"font-family: Times New Roman, serif\"><span style=\"font-size: small\"><span lang=\"en-US\"><b><span style=\"background: #ffffff\">Elctroniques<\/span><\/b><\/span><\/span><\/span><span style=\"background: #ffffff\"><br \/><\/span><\/p><\/td><td style=\"border-top: none;border-bottom: 1.50pt double #000000;border-left: 1.50pt double #000000;border-right: 1.50pt double #000000;padding: 0cm\" width=\"151\"><p dir=\"ltr\" align=\"center\"><a href=\"http:\/\/dspace.univ-tebessa.dz:8080\/jspui\/browse?type=author&amp;value=MAAMRI%2C+Mahmoud\"><span style=\"text-decoration: none\"><span style=\"font-family: Times New Roman, serif\"><span style=\"font-size: small\"><span lang=\"en-US\"><b>Maamri<br \/>Mahmoud<\/b><\/span><\/span><\/span><\/span><\/a><\/p><\/td><td style=\"border-top: none;border-bottom: 1.50pt double #000000;border-left: 1.50pt double #000000;border-right: 1.50pt double #000000;padding: 0cm\" width=\"297\"><p dir=\"ltr\" lang=\"en-US\" align=\"center\"><span style=\"font-family: Tahoma\"><span lang=\"ar-DZ\"><a href=\"http:\/\/dspace.univ-tebessa.dz:8080\/jspui\/bitstream\/123456789\/169\/1\/maamri%20mahmoud.rar\">\u0627\u0644\u0631\u0627\u0628\u0637<\/a><\/span><\/span><\/p><\/td><\/tr><tr><td style=\"border-top: none;border-bottom: 1.50pt double #000000;border-left: 1.50pt double #000000;border-right: 1.50pt double #000000;padding: 0cm\" width=\"47\"><p lang=\"ar-SA\" align=\"center\"><span style=\"font-family: Times New Roman, serif\"><span style=\"font-size: small\"><b>05<\/b><\/span><\/span><\/p><\/td><td style=\"border-top: none;border-bottom: 1.50pt double #000000;border-left: 1.50pt double #000000;border-right: 1.50pt double #000000;padding: 0cm\" width=\"274\"><p dir=\"ltr\" lang=\"en-US\" align=\"center\"><span style=\"font-family: Times New Roman, serif\"><span style=\"font-size: small\"><b><span style=\"background: #ffffff\">Organisation<br \/>Des Chantiers<\/span><\/b><\/span><\/span><\/p><\/td><td style=\"border-top: none;border-bottom: 1.50pt double #000000;border-left: 1.50pt double #000000;border-right: 1.50pt double #000000;padding: 0cm\" width=\"151\"><p dir=\"ltr\" align=\"center\"><a href=\"http:\/\/dspace.univ-tebessa.dz:8080\/jspui\/browse?type=author&amp;value=athmania%2C+brahim\"><span style=\"font-family: Times New Roman, serif\"><span style=\"font-size: small\"><span lang=\"en-US\"><b><span style=\"background: #ffffff\">Athmania,<br \/>Brahim<\/span><\/b><\/span><\/span><\/span><\/a><\/p><\/td><td style=\"border-top: none;border-bottom: 1.50pt double #000000;border-left: 1.50pt double #000000;border-right: 1.50pt double #000000;padding: 0cm\" width=\"297\"><p dir=\"ltr\" align=\"center\"><span style=\"font-family: Tahoma\"><span lang=\"ar-TN\"><a href=\"http:\/\/dspace.univ-tebessa.dz:8080\/jspui\/bitstream\/123456789\/168\/1\/Polycopie%20de%20cours_ODC.pdf\">\u0627\u0644\u0631\u0627\u0628\u0637<\/a><\/span><\/span><\/p><\/td><\/tr><tr><td style=\"border-top: none;border-bottom: 1.50pt double #000000;border-left: 1.50pt double #000000;border-right: 1.50pt double #000000;padding: 0cm\" colspan=\"4\" width=\"770\"><p dir=\"ltr\" lang=\"en-US\" align=\"center\"><span style=\"font-family: Times New Roman, serif\"><span style=\"font-size: small\"><b>these<\/b><\/span><\/span><\/p><\/td><\/tr><tr><td style=\"border-top: none;border-bottom: 1.50pt double #000000;border-left: 1.50pt double #000000;border-right: 1.50pt double #000000;padding: 0cm\" width=\"47\"><p dir=\"ltr\" lang=\"en-US\" align=\"center\"><span style=\"font-family: Times New Roman, serif\"><span style=\"font-size: small\"><b>01<\/b><\/span><\/span><\/p><\/td><td style=\"border-top: none;border-bottom: 1.50pt double #000000;border-left: 1.50pt double #000000;border-right: 1.50pt double #000000;padding: 0cm\" width=\"274\"><p dir=\"ltr\" lang=\"en-US\" align=\"center\"><span style=\"font-family: Times New Roman, serif\"><span style=\"font-size: small\"><b><span style=\"background: #ffffff\">Mod\u00e9lisation<br \/>De L\u2019amortissement Visco\u00e9lastique Dans Les Panneaux Sandwichs<br \/>En Nids-D\u2019abeilles<\/span><\/b><\/span><\/span><\/p><\/td><td style=\"border-top: none;border-bottom: 1.50pt double #000000;border-left: 1.50pt double #000000;border-right: 1.50pt double #000000;padding: 0cm\" width=\"151\"><p dir=\"ltr\" align=\"center\"><a href=\"http:\/\/dspace.univ-tebessa.dz:8080\/jspui\/browse?type=author&amp;value=Harkati%2C+Amine\"><span style=\"text-decoration: none\"><span style=\"font-family: Times New Roman, serif\"><span style=\"font-size: small\"><span lang=\"en-US\"><b><span style=\"background: #ffffff\">Harkati<br \/>Amine<\/span><\/b><\/span><\/span><\/span><\/span><\/a><\/p><\/td><td style=\"border-top: none;border-bottom: 1.50pt double #000000;border-left: 1.50pt double #000000;border-right: 1.50pt double #000000;padding: 0cm\" width=\"297\"><p dir=\"ltr\" align=\"center\"><span style=\"font-family: Tahoma\"><span lang=\"ar-TN\"><a href=\"http:\/\/dspace.univ-tebessa.dz:8080\/jspui\/bitstream\/123456789\/162\/1\/harkai%20amin.rar\">\u0627\u0644\u0631\u0627\u0628\u0637<\/a><\/span><\/span><\/p><\/td><\/tr><tr><td style=\"border-top: none;border-bottom: 1.50pt double #000000;border-left: 1.50pt double #000000;border-right: 1.50pt double #000000;padding: 0cm\" width=\"47\"><p dir=\"ltr\" lang=\"en-US\" align=\"center\"><span style=\"font-family: Times New Roman, serif\"><span style=\"font-size: small\"><b>02<\/b><\/span><\/span><\/p><\/td><td style=\"border-top: none;border-bottom: 1.50pt double #000000;border-left: 1.50pt double #000000;border-right: 1.50pt double #000000;padding: 0cm\" width=\"274\"><p dir=\"ltr\" lang=\"en-US\" align=\"center\"><span style=\"font-family: Times New Roman, serif\"><span style=\"font-size: small\"><b><span style=\"background: #ffffff\">Mod\u00e9lisation<br \/>De La Performance Des Structures En B\u00e9ton Arm\u00e9 Dans Les Milieux<br \/>Agressifs<\/span><\/b><\/span><\/span><\/p><\/td><td style=\"border-top: none;border-bottom: 1.50pt double #000000;border-left: 1.50pt double #000000;border-right: 1.50pt double #000000;padding: 0cm\" width=\"151\"><p dir=\"ltr\" align=\"center\"><a href=\"http:\/\/dspace.univ-tebessa.dz:8080\/jspui\/browse?type=author&amp;value=HMIDA%2C+HAMIDANE\"><span style=\"text-decoration: none\"><span style=\"font-family: Times New Roman, serif\"><span style=\"font-size: small\"><span lang=\"en-US\"><b><span style=\"background: #ffffff\">Hmida<br \/>Hamidane<\/span><\/b><\/span><\/span><\/span><\/span><\/a><\/p><\/td><td style=\"border-top: none;border-bottom: 1.50pt double #000000;border-left: 1.50pt double #000000;border-right: 1.50pt double #000000;padding: 0cm\" width=\"297\"><p dir=\"ltr\" lang=\"en-US\" align=\"center\"><span style=\"font-family: Tahoma\"><span lang=\"ar-DZ\"><a href=\"http:\/\/dspace.univ-tebessa.dz:8080\/jspui\/bitstream\/123456789\/161\/1\/THESE%20HAMIDANE%20-%20Mod%C3%A9lisation%20de%20la%20performance%20des%20structures%20en%20b%C3%A9ton%20arm%C3%A9%20dans%20les%20milieux%20agressifs.pdf\">\u0627\u0644\u0631\u0627\u0628\u0637<\/a><\/span><\/span><\/p><\/td><\/tr><\/tbody><\/table>\t\t\t\t\t\t\t\t<\/div>\n\t\t\t\t<\/div>\n\t\t\t\t\t<\/div>\n\t\t<\/div>\n\t\t\t\t\t<\/div>\n\t\t<\/section>\n\t\t\t\t<\/div>\n\t\t","protected":false},"excerpt":{"rendered":"<p>\u0627\u0644\u0631\u0642\u0645 \u0627\u0644\u0639\u0646\u0648\u0627\u0646 \u0627\u0644\u0645\u0624\u0644\u0641 \u0627\u0644\u0631\u0627\u0628\u0637 SupportDe Cours 01 \u00c9lasticit\u00e9 AbderrahmaniSifeddine \u0627\u0644\u0631\u0627\u0628\u0637 02 PlacticiteEt Endommagement BoutagougaDjamel \u0627\u0644\u0631\u0627\u0628\u0637 03 Mat\u00e9riauxComposites DeghboudjSamir \u0627\u0644\u0631\u0627\u0628\u0637 04 LesComposantsElctroniques MaamriMahmoud \u0627\u0644\u0631\u0627\u0628\u0637 05 OrganisationDes Chantiers Athmania,Brahim \u0627\u0644\u0631\u0627\u0628\u0637 these 01 Mod\u00e9lisationDe L\u2019amortissement Visco\u00e9lastique Dans Les Panneaux SandwichsEn Nids-D\u2019abeilles HarkatiAmine \u0627\u0644\u0631\u0627\u0628\u0637 02 Mod\u00e9lisationDe La Performance Des Structures En B\u00e9ton Arm\u00e9 Dans Les MilieuxAgressifs HmidaHamidane \u0627\u0644\u0631\u0627\u0628\u0637<\/p>\n","protected":false},"author":17,"featured_media":0,"parent":0,"menu_order":0,"comment_status":"closed","ping_status":"closed","template":"","meta":{"ocean_post_layout":"","ocean_both_sidebars_style":"","ocean_both_sidebars_content_width":0,"ocean_both_sidebars_sidebars_width":0,"ocean_sidebar":"0","ocean_second_sidebar":"0","ocean_disable_margins":"enable","ocean_add_body_class":"","ocean_shortcode_before_top_bar":"","ocean_shortcode_after_top_bar":"","ocean_shortcode_before_header":"","ocean_shortcode_after_header":"","ocean_has_shortcode":"","ocean_shortcode_after_title":"","ocean_shortcode_before_footer_widgets":"","ocean_shortcode_after_footer_widgets":"","ocean_shortcode_before_footer_bottom":"","ocean_shortcode_after_footer_bottom":"","ocean_display_top_bar":"default","ocean_display_header":"default","ocean_header_style":"","ocean_center_header_left_menu":"0","ocean_custom_header_template":"0","ocean_custom_logo":0,"ocean_custom_retina_logo":0,"ocean_custom_logo_max_width":0,"ocean_custom_logo_tablet_max_width":0,"ocean_custom_logo_mobile_max_width":0,"ocean_custom_logo_max_height":0,"ocean_custom_logo_tablet_max_height":0,"ocean_custom_logo_mobile_max_height":0,"ocean_header_custom_menu":"0","ocean_menu_typo_font_family":"0","ocean_menu_typo_font_subset":"","ocean_menu_typo_font_size":0,"ocean_menu_typo_font_size_tablet":0,"ocean_menu_typo_font_size_mobile":0,"ocean_menu_typo_font_size_unit":"px","ocean_menu_typo_font_weight":"","ocean_menu_typo_font_weight_tablet":"","ocean_menu_typo_font_weight_mobile":"","ocean_menu_typo_transform":"","ocean_menu_typo_transform_tablet":"","ocean_menu_typo_transform_mobile":"","ocean_menu_typo_line_height":0,"ocean_menu_typo_line_height_tablet":0,"ocean_menu_typo_line_height_mobile":0,"ocean_menu_typo_line_height_unit":"","ocean_menu_typo_spacing":0,"ocean_menu_typo_spacing_tablet":0,"ocean_menu_typo_spacing_mobile":0,"ocean_menu_typo_spacing_unit":"","ocean_menu_link_color":"","ocean_menu_link_color_hover":"","ocean_menu_link_color_active":"","ocean_menu_link_background":"","ocean_menu_link_hover_background":"","ocean_menu_link_active_background":"","ocean_menu_social_links_bg":"","ocean_menu_social_hover_links_bg":"","ocean_menu_social_links_color":"","ocean_menu_social_hover_links_color":"","ocean_disable_title":"default","ocean_disable_heading":"default","ocean_post_title":"","ocean_post_subheading":"","ocean_post_title_style":"","ocean_post_title_background_color":"","ocean_post_title_background":0,"ocean_post_title_bg_image_position":"","ocean_post_title_bg_image_attachment":"","ocean_post_title_bg_image_repeat":"","ocean_post_title_bg_image_size":"","ocean_post_title_height":0,"ocean_post_title_bg_overlay":0.5,"ocean_post_title_bg_overlay_color":"","ocean_disable_breadcrumbs":"default","ocean_breadcrumbs_color":"","ocean_breadcrumbs_separator_color":"","ocean_breadcrumbs_links_color":"","ocean_breadcrumbs_links_hover_color":"","ocean_display_footer_widgets":"default","ocean_display_footer_bottom":"default","ocean_custom_footer_template":"0","footnotes":""},"class_list":["post-3818","page","type-page","status-publish","hentry","entry"],"_links":{"self":[{"href":"https:\/\/www.univ-tebessa.dz\/bibliotheque\/wp-json\/wp\/v2\/pages\/3818","targetHints":{"allow":["GET"]}}],"collection":[{"href":"https:\/\/www.univ-tebessa.dz\/bibliotheque\/wp-json\/wp\/v2\/pages"}],"about":[{"href":"https:\/\/www.univ-tebessa.dz\/bibliotheque\/wp-json\/wp\/v2\/types\/page"}],"author":[{"embeddable":true,"href":"https:\/\/www.univ-tebessa.dz\/bibliotheque\/wp-json\/wp\/v2\/users\/17"}],"replies":[{"embeddable":true,"href":"https:\/\/www.univ-tebessa.dz\/bibliotheque\/wp-json\/wp\/v2\/comments?post=3818"}],"version-history":[{"count":13,"href":"https:\/\/www.univ-tebessa.dz\/bibliotheque\/wp-json\/wp\/v2\/pages\/3818\/revisions"}],"predecessor-version":[{"id":3833,"href":"https:\/\/www.univ-tebessa.dz\/bibliotheque\/wp-json\/wp\/v2\/pages\/3818\/revisions\/3833"}],"wp:attachment":[{"href":"https:\/\/www.univ-tebessa.dz\/bibliotheque\/wp-json\/wp\/v2\/media?parent=3818"}],"curies":[{"name":"wp","href":"https:\/\/api.w.org\/{rel}","templated":true}]}}